{"id":30,"date":"2018-03-23T11:45:16","date_gmt":"2018-03-23T10:45:16","guid":{"rendered":"https:\/\/fredsathal.fr\/?page_id=30"},"modified":"2018-03-26T16:29:34","modified_gmt":"2018-03-26T14:29:34","slug":"mentions-legales","status":"publish","type":"page","link":"https:\/\/fredsathal.fr\/en\/mentions-legales\/","title":{"rendered":"Mentions l\u00e9gales"},"content":{"rendered":"<h3>TERMES ET CONDITIONS G\u00c9N\u00c9RALES D\u2019UTILISATION<\/h3>\n<p>Le site Web www.fredsathal.fr (\u00ab Site Web \u00bb) est g\u00e9r\u00e9 par la soci\u00e9t\u00e9 GANDI SAS (\u00ab Gandi\u00bb), pour FRED FRED by FRED SATHAL (\u00ab FRED SATHAL \u00bb) ayant son si\u00e8ge social sis 13, Rue de Passy, 75016 Paris (France), et poss\u00e9dant le courrier \u00e9lectronique de contact : contact@fredsathal.fr<\/p>\n<p>Directeur de Publication : La Directrice de Publication est Mlle Fred Sathal.<\/p>\n<p>H\u00e9bergeur<\/p>\n<p>L\u2019h\u00e9bergement du Site est assur\u00e9 par la soci\u00e9t\u00e9 GANDI SAS, immatricul\u00e9e au Registre du Commerce et des Soci\u00e9t\u00e9s de Paris sous le num\u00e9ro 423 093 459, dont le si\u00e8ge social est situ\u00e9 au 63-65 boulevard Massena \u00e0 Paris (75013) France<\/p>\n<p>T\u00e9l\u00e9phone : +33(0) 1 70.37.76.61 &#8211; T\u00e9l\u00e9copie +33(0) 1 43 73 18 51 &#8211; email : direction@gandi.net<\/p>\n<p>Acc\u00e8s au Site Web<\/p>\n<p>Ces termes et conditions (\u00ab Termes et Conditions \u00bb) r\u00e8glementent l\u2019acc\u00e8s et l\u2019utilisation du Site Web et leur objet est de fournir \u00e0 l\u2019utilisateur des informations relatives \u00e0 FRED SATHAL et \u00e0 ses produits.<\/p>\n<p>Par cons\u00e9quent, nous prions l\u2019utilisateur de lire attentivement les Termes et Conditions pr\u00e9alablement \u00e0 l\u2019utilisation du Site Web, \u00e9tant donn\u00e9 qu\u2019ils pourront \u00eatre adapt\u00e9s et\/ou modifi\u00e9s par GANDI SAS ou FRED SATHAL \u00e0 tout moment. Si l\u2019utilisateur ne les accepte pas, nous prions l\u2019utilisateur de s\u2019abstenir d\u2019utiliser le Site Web et son contenu.<\/p>\n<p>Utilisation et fonctionnement du Site Web<\/p>\n<p>L\u2019utilisateur s\u2019engage \u00e0 utiliser de mani\u00e8re diligente le Site Web, ainsi que les informations relatives aux services qui y sont contenus, en se soumettant enti\u00e8rement aussi bien \u00e0 la r\u00e9glementation applicable qu\u2019aux Termes et Conditions.<\/p>\n<p>En outre, l\u2019utilisateur s\u2019engage \u00e0 ne r\u00e9aliser aucun acte ayant pour objet d\u2019endommager, de mettre hors d\u2019\u00e9tat et\/ou de surcharger le Site Web, ou emp\u00eachant, de quelque fa\u00e7on que ce soit, son utilisation et fonctionnement normaux.<\/p>\n<p>L\u2019utilisateur est inform\u00e9 que, s\u2019il proc\u00e8de \u00e0 une violation des Termes et Conditions ou, le cas \u00e9ch\u00e9ant, \u00e0 d\u2019autres conditions recueillies dans le Site Web, GANDI SAS se r\u00e9serve le droit de limiter, suspendre et\/ou mettre fin \u00e0 son acc\u00e8s au Site Web, en adoptant toutes les mesures techniques n\u00e9cessaires \u00e0 cet effet.<\/p>\n<p>GANDI SAS fera ses meilleurs efforts pour maintenir le Site Web en bon \u00e9tat de fonctionnement, en \u00e9vitant des erreurs et\/ou, le cas \u00e9ch\u00e9ant, en les r\u00e9parant, en maintenant les contenus du Site Web d\u00fbment mis \u00e0 jour. Toutefois, GANDI SAS ne garantit pas la disponibilit\u00e9 et la continuit\u00e9 de l\u2019acc\u00e8s au Site Web ni l\u2019absence d\u2019erreurs dans ses contenus. Elle ne garantit pas non plus que ces derniers soient syst\u00e9matiquement mis \u00e0 jour.<\/p>\n<p>GANDI SAS se r\u00e9serve le droit d\u2019effectuer, \u00e0 n\u2019importe quel moment et sans pr\u00e9avis, des modifications, des suppressions et\/ou des mises \u00e0 jour sur des informations figurant au sein du Site Web, la configuration de ce dernier et\/ou sa pr\u00e9sentation.<\/p>\n<p>Responsabilit\u00e9<\/p>\n<p>Aussi bien l\u2019acc\u00e8s au Site Web que l\u2019utilisation pouvant \u00eatre faite des informations contenues, sont r\u00e9alis\u00e9s sous l\u2019enti\u00e8re responsabilit\u00e9 de l\u2019utilisateur.<\/p>\n<p>GANDI SAS se d\u00e9gage de toute responsabilit\u00e9 quant \u00e0 des dommages et\/ou pr\u00e9judices pouvant d\u00e9couler, directement ou indirectement, de l\u2019acc\u00e8s et\/ou de l\u2019emploi des informations figurant au sein du Site Web et, en particulier, des informations relatives \u00e0 des tiers autres que GANDI SAS et\/ou FRED SATHAL, y compris, mais de mani\u00e8re non limitative, les dommages et\/ou pr\u00e9judices produits au sein des syst\u00e8mes informatiques ou ceux provoqu\u00e9s par l\u2019introduction de virus et\/ou d\u2019attaques informatiques. Elle ne sera pas non plus responsable des dommages que peuvent subir les utilisateurs cons\u00e9quemment \u00e0 un emploi inappropri\u00e9 du Site Web ni des chutes, interruptions, absences et\/ou d\u00e9fauts des communications.<\/p>\n<p>De plus, GANDI SAS se d\u00e9gage de toute responsabilit\u00e9 quant aux dommages et\/ou pr\u00e9judices provoqu\u00e9s sur le logiciel et\/ou le mat\u00e9riel de l&#8217;utilisateur d\u00e9coulant de l\u2019acc\u00e8s et\/ou de l\u2019utilisation du Site Web.<\/p>\n<p>L\u2019utilisateur est responsable de tout dommage et pr\u00e9judice que GANDI SAS pourra subir du fait de son manquement \u00e0 l\u2019une des obligations auxquelles il est soumis en vertu des Termes et Conditions et\/ou de la l\u00e9gislation applicable concernant l\u2019utilisation du Site Web.<\/p>\n<p>Politique en mati\u00e8re de liens (links)<\/p>\n<p>a) Liens vers le Site Web<\/p>\n<p>Les tiers ayant l\u2019intention d\u2019inclure sur un site Web (\u00ab Site Liant \u00bb) un lien qui redirige vers le Site Web devront obligatoirement obtenir le consentement pr\u00e9alable et \u00e9crit de GANDI SAS.<\/p>\n<p>En aucun cas, l\u2019autorisation donn\u00e9e par GANDI SAS ne signifie qu\u2019elle cautionne, promeut, garantit, supervise et\/ou recommande le contenu et\/ou les services du Site Liant ni qu\u2019elle est responsable de son contenu.<\/p>\n<p>Le Site Liant devra respecter la l\u00e9gislation en vigueur et ne pourra, en aucun cas, h\u00e9berger des contenus, propres ou de tiers, qui : (i) sont illicites, nuisibles ou contraires \u00e0 la morale et aux bonnes coutumes (pornographiques, violents, racistes, d\u00e9nigrants, etc.) ; et\/ou (ii) ne sont pas appropri\u00e9s ou ne sont pas pertinents en ce qui concerne la marque GANDI SAS et\/ou FRED SATHAL.<\/p>\n<p>En cas de manquement \u00e0 l\u2019un quelconque des termes indiqu\u00e9s pr\u00e9c\u00e9demment, GANDI SAS proc\u00e9dera, imm\u00e9diatement, \u00e0 la r\u00e9vocation de l\u2019autorisation donn\u00e9e au Site Liant, qui devra supprimer le lien sans d\u00e9lai.<\/p>\n<p>b) Liens vers d\u2019autres sites Web<\/p>\n<p>Le Site Web peut inclure diff\u00e9rents liens permettant \u00e0 l\u2019utilisateur d\u2019acc\u00e9der \u00e0 d\u2019autres sites Web (\u00ab Sites Li\u00e9s \u00bb).<\/p>\n<p>En aucun cas, l\u2019existence de Sites Li\u00e9s ne comporte une recommandation, promotion, identification et\/ou conformit\u00e9 de GANDI SAS \u00e0 l\u2019\u00e9gard des manifestations, contenus et\/ou services fournis par et \u00e0 travers les Sites Li\u00e9s.<\/p>\n<p>Par cons\u00e9quent, GANDI SAS se d\u00e9gage de toute responsabilit\u00e9 quant au contenu et\/ou conditions des Sites Li\u00e9s, l\u2019utilisateur \u00e9tant le seul responsable de leur v\u00e9rification et de leur acceptation lors de chaque acc\u00e8s et utilisation de ceux-ci.<\/p>\n<p>Propri\u00e9t\u00e9 Industrielle et Intellectuelle<\/p>\n<p>Tous les droits de propri\u00e9t\u00e9 intellectuelle sur les conceptions, bases de donn\u00e9es, programmes d\u2019ordinateur subjacents (y compris les codes source), ainsi que les diff\u00e9rents \u00e9l\u00e9ments qui composent le Site Web (textes, graphiques, photographies, vid\u00e9os, enregistrements sonores, combinaisons de couleurs, etc.) [\u00ab Contenus \u00bb], ainsi que leur structure, s\u00e9lection et ordre, appartiennent \u00e0 FRED SATHAL\/GANDI SAS et\/ou, le cas \u00e9ch\u00e9ant, \u00e0 ses bailleurs de licence. En ce qui concerne les signes distinctifs inclus dans le Site Web (marques et noms commerciaux), ils appartiennent \u00e9galement \u00e0 FRED SATHAL\/GANDI SAS et\/ou \u00e0 ses bailleurs de licence.<\/p>\n<p>L\u2019emploi du Site Web par l\u2019utilisateur ne suppose la cession d\u2019aucun droit de propri\u00e9t\u00e9 intellectuelle et\/ou industrielle sur le Site Web et les Contenus.<\/p>\n<p>En vertu des pr\u00e9sents Termes et Conditions, il est formellement interdit \u00e0 l\u2019utilisateur de reproduire, transformer, distribuer, communiquer publiquement, mettre \u00e0 la disposition, extraire et\/ou diffuser sur le Site Web de toute autre mani\u00e8re non autoris\u00e9e, ses Contenus et\/ou les signes distinctifs de GANDI SAS et FRED SATHAL.<\/p>\n<p>L\u2019emploi non autoris\u00e9 des Contenus, ainsi que les pr\u00e9judices provoqu\u00e9s en mati\u00e8re de droits de propri\u00e9t\u00e9 intellectuelle et industrielle de GANDI SAS et\/ou FRED SATHAL peuvent donner lieu \u00e0 la mise en jeu de la responsabilit\u00e9 de leur(s) auteur(s) et \u00e0 l\u2019exercice des actions autoris\u00e9es par la loi qui, le cas \u00e9ch\u00e9ant, en d\u00e9coulent.<\/p>\n<p>Protection des donn\u00e9es personnelles<\/p>\n<p>En vertu des dispositions de la r\u00e9glementation en vigueur sur la protection des donn\u00e9es \u00e0 caract\u00e8re personnel, GANDI SAS informe l\u2019utilisateur que les donn\u00e9es personnelles fournies par ce dernier ou auxquelles GANDI SAS acc\u00e8de \u00e0 la suite de sa navigation, consultation et\/ou demande d\u2019informations \u00e0 travers le Site Web seront incorpor\u00e9es \u00e0 un fichier appartenant \u00e0 GANDI SAS, dont l\u2019objectif est de g\u00e9rer, maintenir et contr\u00f4ler ses demandes d\u2019information, et de lui envoyer des communications commerciales (y compris par voie \u00e9lectronique). L\u2019acceptation de l\u2019envoi de communications commerciales est toujours r\u00e9vocable, sans effet r\u00e9troactif, par l\u2019utilisateur par l\u2019envoi d\u2019un courrier \u00e9lectronique \u00e0 l\u2019adresse suivante : contact@fredsathal.fr<\/p>\n<p>Les donn\u00e9es personnelles fournies par l\u2019utilisateur, ne seront pas communiqu\u00e9es ou c\u00e9d\u00e9es \u00e0 des tiers, toutefois elles pourront \u00eatre c\u00e9d\u00e9es aux soci\u00e9t\u00e9s du Groupe GANDI SAS aux m\u00eames fins que celles cit\u00e9es pr\u00e9c\u00e9demment. En ce sens, en ce qui concerne ladite cession de donn\u00e9es personnelles, l\u2019utilisateur est consid\u00e9r\u00e9 comme ayant \u00e9t\u00e9 d\u00fbment inform\u00e9 des termes pr\u00e9vus par l\u2019article 32.III Loi no 78-17 du 6 Janvier 1978 relative \u00e0 l&#8217;Informatique, Aux Fichiers et aux Libert\u00e9s. Si des donn\u00e9es personnelles de l\u2019utilisateur sont communiqu\u00e9es ou c\u00e9d\u00e9es \u00e0 des tiers, GANDI SAS demandera, au pr\u00e9alable, le consentement de l\u2019utilisateur conform\u00e9ment aux exigences pr\u00e9vues dans la l\u00e9gislation en vigueur, qui sera r\u00e9vocable \u00e0 tout moment.<\/p>\n<p>Sur les formulaires de contact du Site Web, l\u2019utilisateur devra n\u00e9cessairement remplir les champs indiqu\u00e9s comme \u00ab obligatoires \u00bb. Dans le cas o\u00f9 l\u2019utilisateur n\u2019aurait rempli que partiellement les donn\u00e9es personnelles exig\u00e9es, GANDI serait en droit de ne pas donner suite aux demandes de l\u2019utilisateur. GANDI SAS sera alors d\u00e9gag\u00e9e de toute responsabilit\u00e9 concernant le fait de ne pas avoir r\u00e9pondu ou avoir r\u00e9pondu de fa\u00e7on incompl\u00e8te aux demandes de l\u2019utilisateur.<\/p>\n<p>L\u2019utilisateur devra communiquer \u00e0 GANDI SAS toute modification de ses donn\u00e9es personnelles afin que les informations contenues dans les fichiers de GANDI SAS soient, \u00e0 tout moment, mises \u00e0 jour et exactes. L\u2019utilisateur est responsable, dans tous les cas, de la v\u00e9racit\u00e9 des donn\u00e9es fournies, et GANDI SAS se r\u00e9serve le droit d\u2019exclure du b\u00e9n\u00e9fice des services demand\u00e9s tout utilisateur ayant fourni des donn\u00e9es fausses, sans pr\u00e9judice de toute action autoris\u00e9e par la loi.<\/p>\n<p>GANDI SAS reconna\u00eet express\u00e9ment avoir mis en \u0153uvre les mesures de s\u00e9curit\u00e9 de nature technique et organisationnelle garantissant la s\u00e9curit\u00e9 des donn\u00e9es \u00e0 caract\u00e8re personnel de l\u2019utilisateur et \u00e9vitant leur alt\u00e9ration, perte, traitement et\/ou acc\u00e8s non autoris\u00e9 permis par l\u2019\u00e9tat actuel de la technologie, la nature des donn\u00e9es stock\u00e9es et les risques auxquels elles sont expos\u00e9es, qu\u2019ils proviennent de l\u2019action humaine ou de tout \u00e9v\u00e9nement naturel, le tout conform\u00e9ment aux dispositions de la r\u00e9glementation en vigueur.<\/p>\n<p>L\u2019utilisateur pourra exercer ses droits d\u2019acc\u00e8s, rectification, annulation et opposition au traitement de ses donn\u00e9es personnelles aupr\u00e8s du si\u00e8ge social de GANDI SAS, dans les termes \u00e9tablis par la l\u00e9gislation en vigueur. Pour une plus grande commodit\u00e9 de l\u2019utilisateur, et sans pr\u00e9judice du respect de certaines exigences formelles \u00e9tablies pas la r\u00e9glementation en vigueur, GANDI SAS offre \u00e0 l\u2019utilisateur la possibilit\u00e9 d\u2019exercer les droits mentionn\u00e9s ci-dessus par mail adress\u00e9 \u00e0 l\u2019adresse \u00e9lectronique suivante : contact@fredsathal.fr.<\/p>\n<p>Loi applicable et juridiction<\/p>\n<p>L\u2019acc\u00e8s et l\u2019utilisation du Site Web seront r\u00e9gis et interpr\u00e9t\u00e9s conform\u00e9ment au droit fran\u00e7ais.<\/p>\n<p>Tout d\u00e9saccord pouvant surgir entre GANDI SAS et l\u2019utilisateur du Site Web sera r\u00e9solu, les parties renon\u00e7ant \u00e0 leur propre juridiction, par les Cours et Tribunaux de la ville de Paris (France).<\/p>\n<!-- AddThis Advanced Settings generic via filter on the_content --><!-- AddThis Share Buttons generic via filter on the_content --><!-- AddThis Related Posts generic via filter on the_content -->","protected":false},"excerpt":{"rendered":"<p>TERMES ET CONDITIONS G\u00c9N\u00c9RALES D\u2019UTILISATION Le site Web www.fredsathal.fr (\u00ab Site Web \u00bb) est g\u00e9r\u00e9 par la soci\u00e9t\u00e9 GANDI SAS (\u00ab Gandi\u00bb), pour FRED FRED by FRED SATHAL (\u00ab FRED SATHAL \u00bb) ayant son si\u00e8ge social sis 13, Rue de Passy, 75016 Paris (France), et poss\u00e9dant le courrier \u00e9lectronique de contact : contact@fredsathal.fr Directeur de<!-- AddThis Advanced Settings generic via filter on get_the_excerpt --><!-- AddThis Share Buttons generic via filter on get_the_excerpt --><!-- AddThis Related Posts generic via filter on get_the_excerpt --><\/p>\n","protected":false},"author":1,"featured_media":0,"parent":0,"menu_order":11,"comment_status":"closed","ping_status":"closed","template":"","meta":[],"yoast_head":"<!-- This site is optimized with the Yoast SEO plugin v18.4.1 - https:\/\/yoast.com\/wordpress\/plugins\/seo\/ -->\n<title>Mentions l\u00e9gales &bull; Fred Sathal<\/title>\n<meta name=\"robots\" content=\"index, follow, max-snippet:-1, max-image-preview:large, max-video-preview:-1\" \/>\n<link rel=\"canonical\" href=\"https:\/\/fredsathal.fr\/mentions-legales\/\" \/>\n<meta property=\"og:locale\" content=\"en_US\" \/>\n<meta property=\"og:type\" content=\"article\" \/>\n<meta property=\"og:title\" content=\"Mentions l\u00e9gales &bull; Fred Sathal\" \/>\n<meta property=\"og:description\" content=\"TERMES ET CONDITIONS G\u00c9N\u00c9RALES D\u2019UTILISATION Le site Web www.fredsathal.fr (\u00ab Site Web \u00bb) est g\u00e9r\u00e9 par la soci\u00e9t\u00e9 GANDI SAS (\u00ab Gandi\u00bb), pour FRED FRED by FRED SATHAL (\u00ab FRED SATHAL \u00bb) ayant son si\u00e8ge social sis 13, Rue de Passy, 75016 Paris (France), et poss\u00e9dant le courrier \u00e9lectronique de contact : contact@fredsathal.fr Directeur de\" \/>\n<meta property=\"og:url\" content=\"https:\/\/fredsathal.fr\/mentions-legales\/\" \/>\n<meta property=\"og:site_name\" content=\"Fred Sathal\" \/>\n<meta property=\"article:publisher\" content=\"https:\/\/www.facebook.com\/FredSathalCouture\" \/>\n<meta property=\"article:modified_time\" content=\"2018-03-26T14:29:34+00:00\" \/>\n<meta property=\"og:image\" content=\"https:\/\/fredsathal.fr\/wp-content\/uploads\/2018\/09\/Fred_Sathal-logo-noir.png\" \/>\n\t<meta property=\"og:image:width\" content=\"600\" \/>\n\t<meta property=\"og:image:height\" content=\"600\" \/>\n\t<meta property=\"og:image:type\" content=\"image\/png\" \/>\n<meta name=\"twitter:card\" content=\"summary_large_image\" \/>\n<meta name=\"twitter:site\" content=\"@fredsathal\" \/>\n<meta name=\"twitter:label1\" content=\"Est. reading time\" \/>\n\t<meta name=\"twitter:data1\" content=\"10 minutes\" \/>\n<script type=\"application\/ld+json\" class=\"yoast-schema-graph\">{\"@context\":\"https:\/\/schema.org\",\"@graph\":[{\"@type\":\"WebSite\",\"@id\":\"https:\/\/fredsathal.fr\/#website\",\"url\":\"https:\/\/fredsathal.fr\/\",\"name\":\"Fred Sathal\",\"description\":\"Fred Sathal Couture +\u00b0+ Paris\",\"potentialAction\":[{\"@type\":\"SearchAction\",\"target\":{\"@type\":\"EntryPoint\",\"urlTemplate\":\"https:\/\/fredsathal.fr\/?s={search_term_string}\"},\"query-input\":\"required name=search_term_string\"}],\"inLanguage\":\"en-US\"},{\"@type\":\"WebPage\",\"@id\":\"https:\/\/fredsathal.fr\/mentions-legales\/#webpage\",\"url\":\"https:\/\/fredsathal.fr\/mentions-legales\/\",\"name\":\"Mentions l\u00e9gales &bull; Fred Sathal\",\"isPartOf\":{\"@id\":\"https:\/\/fredsathal.fr\/#website\"},\"datePublished\":\"2018-03-23T10:45:16+00:00\",\"dateModified\":\"2018-03-26T14:29:34+00:00\",\"breadcrumb\":{\"@id\":\"https:\/\/fredsathal.fr\/mentions-legales\/#breadcrumb\"},\"inLanguage\":\"en-US\",\"potentialAction\":[{\"@type\":\"ReadAction\",\"target\":[\"https:\/\/fredsathal.fr\/mentions-legales\/\"]}]},{\"@type\":\"BreadcrumbList\",\"@id\":\"https:\/\/fredsathal.fr\/mentions-legales\/#breadcrumb\",\"itemListElement\":[{\"@type\":\"ListItem\",\"position\":1,\"name\":\"Accueil\",\"item\":\"https:\/\/fredsathal.fr\/\"},{\"@type\":\"ListItem\",\"position\":2,\"name\":\"Mentions l\u00e9gales\"}]}]}<\/script>\n<!-- \/ Yoast SEO plugin. -->","yoast_head_json":{"title":"Mentions l\u00e9gales &bull; Fred Sathal","robots":{"index":"index","follow":"follow","max-snippet":"max-snippet:-1","max-image-preview":"max-image-preview:large","max-video-preview":"max-video-preview:-1"},"canonical":"https:\/\/fredsathal.fr\/mentions-legales\/","og_locale":"en_US","og_type":"article","og_title":"Mentions l\u00e9gales &bull; Fred Sathal","og_description":"TERMES ET CONDITIONS G\u00c9N\u00c9RALES D\u2019UTILISATION Le site Web www.fredsathal.fr (\u00ab Site Web \u00bb) est g\u00e9r\u00e9 par la soci\u00e9t\u00e9 GANDI SAS (\u00ab Gandi\u00bb), pour FRED FRED by FRED SATHAL (\u00ab FRED SATHAL \u00bb) ayant son si\u00e8ge social sis 13, Rue de Passy, 75016 Paris (France), et poss\u00e9dant le courrier \u00e9lectronique de contact : contact@fredsathal.fr Directeur de","og_url":"https:\/\/fredsathal.fr\/mentions-legales\/","og_site_name":"Fred Sathal","article_publisher":"https:\/\/www.facebook.com\/FredSathalCouture","article_modified_time":"2018-03-26T14:29:34+00:00","og_image":[{"width":600,"height":600,"url":"https:\/\/fredsathal.fr\/wp-content\/uploads\/2018\/09\/Fred_Sathal-logo-noir.png","type":"image\/png"}],"twitter_card":"summary_large_image","twitter_site":"@fredsathal","twitter_misc":{"Est. reading time":"10 minutes"},"schema":{"@context":"https:\/\/schema.org","@graph":[{"@type":"WebSite","@id":"https:\/\/fredsathal.fr\/#website","url":"https:\/\/fredsathal.fr\/","name":"Fred Sathal","description":"Fred Sathal Couture +\u00b0+ Paris","potentialAction":[{"@type":"SearchAction","target":{"@type":"EntryPoint","urlTemplate":"https:\/\/fredsathal.fr\/?s={search_term_string}"},"query-input":"required name=search_term_string"}],"inLanguage":"en-US"},{"@type":"WebPage","@id":"https:\/\/fredsathal.fr\/mentions-legales\/#webpage","url":"https:\/\/fredsathal.fr\/mentions-legales\/","name":"Mentions l\u00e9gales &bull; Fred Sathal","isPartOf":{"@id":"https:\/\/fredsathal.fr\/#website"},"datePublished":"2018-03-23T10:45:16+00:00","dateModified":"2018-03-26T14:29:34+00:00","breadcrumb":{"@id":"https:\/\/fredsathal.fr\/mentions-legales\/#breadcrumb"},"inLanguage":"en-US","potentialAction":[{"@type":"ReadAction","target":["https:\/\/fredsathal.fr\/mentions-legales\/"]}]},{"@type":"BreadcrumbList","@id":"https:\/\/fredsathal.fr\/mentions-legales\/#breadcrumb","itemListElement":[{"@type":"ListItem","position":1,"name":"Accueil","item":"https:\/\/fredsathal.fr\/"},{"@type":"ListItem","position":2,"name":"Mentions l\u00e9gales"}]}]}},"_links":{"self":[{"href":"https:\/\/fredsathal.fr\/en\/wp-json\/wp\/v2\/pages\/30"}],"collection":[{"href":"https:\/\/fredsathal.fr\/en\/wp-json\/wp\/v2\/pages"}],"about":[{"href":"https:\/\/fredsathal.fr\/en\/wp-json\/wp\/v2\/types\/page"}],"author":[{"embeddable":true,"href":"https:\/\/fredsathal.fr\/en\/wp-json\/wp\/v2\/users\/1"}],"replies":[{"embeddable":true,"href":"https:\/\/fredsathal.fr\/en\/wp-json\/wp\/v2\/comments?post=30"}],"version-history":[{"count":4,"href":"https:\/\/fredsathal.fr\/en\/wp-json\/wp\/v2\/pages\/30\/revisions"}],"predecessor-version":[{"id":86,"href":"https:\/\/fredsathal.fr\/en\/wp-json\/wp\/v2\/pages\/30\/revisions\/86"}],"wp:attachment":[{"href":"https:\/\/fredsathal.fr\/en\/wp-json\/wp\/v2\/media?parent=30"}],"curies":[{"name":"wp","href":"https:\/\/api.w.org\/{rel}","templated":true}]}}